{"id":1179,"date":"2026-04-08T17:50:23","date_gmt":"2026-04-08T17:50:23","guid":{"rendered":"https:\/\/ffrydrychowski.pl\/?page_id=1179"},"modified":"2026-04-08T20:25:55","modified_gmt":"2026-04-08T20:25:55","slug":"aplikacje-mobilne","status":"publish","type":"page","link":"https:\/\/ffrydrychowski.pl\/en\/aplikacje-mobilne\/","title":{"rendered":"Mobile applications"},"content":{"rendered":"<div class=\"wp-block-group alignwide has-global-padding is-layout-constrained wp-block-group-is-layout-constrained\">\n<div class=\"wp-block-uagb-advanced-heading uagb-block-7e3282a9\"><h2 class=\"uagb-heading-text\">Mobile applications<\/h2><\/div>\n\n\n\n<div style=\"height:64px\" aria-hidden=\"true\" class=\"wp-block-spacer\"><\/div>\n\n\n\n<h2 class=\"kt-adv-heading1179_f07c89-ca wp-block-kadence-advancedheading\" data-kb-block=\"kb-adv-heading1179_f07c89-ca\">Buduj\u0119 aplikacje mobilne na styku trzech \u015bwiat\u00f3w: in\u017cynierskiej precyzji backendu, inteligentnych automatyzacji n8n oraz nowoczesnego 'vibe codingu&#8217;. Moje podej\u015bcie pozwala mi nie tylko tworzy\u0107 czysty i zoptymalizowany kod, ale przede wszystkim projektowa\u0107 do\u015bwiadczenia (UX\/UI). Nie tworz\u0119 tylko oprogramowania \u2013 projektuj\u0119 p\u0142ynne procesy, gdzie technologia dyskretnie wykonuje ci\u0119\u017ck\u0105 prac\u0119 w tle, zostawiaj\u0105c na froncie estetyczny i intuicyjny interfejs.<\/h2>\n<\/div>\n\n\n\n<div class=\"wp-block-group alignwide has-global-padding is-layout-constrained wp-container-core-group-is-layout-5fb0786f wp-block-group-is-layout-constrained\">\n<div class=\"wp-block-group is-content-justification-space-between is-nowrap is-layout-flex wp-container-core-group-is-layout-fbce6640 wp-block-group-is-layout-flex\">\n<div class=\"wp-block-group has-global-padding is-layout-constrained wp-container-core-group-is-layout-5d6774c4 wp-block-group-is-layout-constrained\">\t\t\t\t<div class = \"wp-block-uagb-lottie\">\n\t\t\t\t\t<div class = \"uagb-block-e8429e32 uagb-lottie__outer-wrap uagb-lottie__center\" style=\"\">\n\t\t\t\t\t<\/div>\n\t\t\t\t<\/div>\n\t\t\t\n\n\n<div class=\"wp-block-uagb-advanced-heading uagb-block-636feb3b\"><h2 class=\"uagb-heading-text\">Automations<\/h2><\/div>\n\n\n\n<div data-aos= \"fade-up\" data-aos-duration=\"400\" data-aos-delay=\"0\" data-aos-easing=\"ease\" data-aos-once=\"true\" class=\"wp-block-uagb-separator uagb-block-274dc527\"><div class=\"wp-block-uagb-separator__inner\" style=\"--my-background-image:\"><\/div><\/div>\n\n\n\n<h2 class=\"kt-adv-heading1179_ef6b81-5c wp-block-kadence-advancedheading\" data-kb-block=\"kb-adv-heading1179_ef6b81-5c\">Inteligentne <strong>automatyzacje<\/strong>, kt\u00f3re ukrywaj\u0105 technologiczn\u0105 z\u0142o\u017cono\u015b\u0107, dostarczaj\u0105c u\u017cytkownikowi czyst\u0105 i prost\u0105 funkcjonalno\u015b\u0107.<\/h2>\n<\/div>\n\n\n\n<div class=\"wp-block-group has-global-padding is-layout-constrained wp-container-core-group-is-layout-5d6774c4 wp-block-group-is-layout-constrained\">\t\t\t\t<div class = \"wp-block-uagb-lottie\">\n\t\t\t\t\t<div class = \"uagb-block-e8429e32 uagb-lottie__outer-wrap uagb-lottie__center\" style=\"\">\n\t\t\t\t\t<\/div>\n\t\t\t\t<\/div>\n\t\t\t\n\n\n<div class=\"wp-block-uagb-advanced-heading uagb-block-636feb3b\"><h2 class=\"uagb-heading-text\">Firebase<\/h2><\/div>\n\n\n\n<div data-aos= \"fade-up\" data-aos-duration=\"400\" data-aos-delay=\"0\" data-aos-easing=\"ease\" data-aos-once=\"true\" class=\"wp-block-uagb-separator uagb-block-274dc527\"><div class=\"wp-block-uagb-separator__inner\" style=\"--my-background-image:\"><\/div><\/div>\n\n\n\n<h2 class=\"kt-adv-heading1179_7c475a-71 wp-block-kadence-advancedheading\" data-kb-block=\"kb-adv-heading1179_7c475a-71\">Bezpieczny i szybki backend oparty na <strong>Firebase<\/strong>, gwarantuj\u0105cy b\u0142yskawiczn\u0105 synchronizacj\u0119 danych w czasie rzeczywistym.<\/h2>\n<\/div>\n\n\n\n<div class=\"wp-block-group has-global-padding is-layout-constrained wp-container-core-group-is-layout-5d6774c4 wp-block-group-is-layout-constrained\">\t\t\t\t<div class = \"wp-block-uagb-lottie\">\n\t\t\t\t\t<div class = \"uagb-block-7ab06b93 uagb-lottie__outer-wrap uagb-lottie__center\" style=\"\">\n\t\t\t\t\t<\/div>\n\t\t\t\t<\/div>\n\t\t\t\n\n\n<div class=\"wp-block-uagb-advanced-heading uagb-block-13e57da0\"><h2 class=\"uagb-heading-text\">Vibe coding &amp; AI<\/h2><\/div>\n\n\n\n<div data-aos= \"fade-up\" data-aos-duration=\"400\" data-aos-delay=\"0\" data-aos-easing=\"ease\" data-aos-once=\"true\" class=\"wp-block-uagb-separator uagb-block-66b0f9f7\"><div class=\"wp-block-uagb-separator__inner\" style=\"--my-background-image:\"><\/div><\/div>\n\n\n\n<h2 class=\"kt-adv-heading1179_62ae4d-00 wp-block-kadence-advancedheading\" data-kb-block=\"kb-adv-heading1179_62ae4d-00\">Projektowanie w duchu <strong>vibe codingu<\/strong>, gdzie AI wspiera proces tworzenia estetycznego i nowoczesnego     UX\/UI.<\/h2>\n<\/div>\n<\/div>\n<\/div>\n\n\n\n<div class=\"wp-block-group has-global-padding is-layout-constrained wp-block-group-is-layout-constrained\">\n<div class=\"wp-block-uagb-advanced-heading uagb-block-08c480ef\"><h2 class=\"uagb-heading-text\">Aplikacja pogodowa<\/h2><\/div>\n\n\n\n<div style=\"height:100px\" aria-hidden=\"true\" class=\"wp-block-spacer\"><\/div>\n\n\n\n<div class=\"wp-block-group has-global-padding is-layout-constrained wp-block-group-is-layout-constrained\">\n<h2 class=\"kt-adv-heading1179_6e0cc4-9d wp-block-kadence-advancedheading\" data-kb-block=\"kb-adv-heading1179_6e0cc4-9d\">Bosman<\/h2>\n\n\n\n<div class=\"wp-block-group is-content-justification-left is-nowrap is-layout-flex wp-container-core-group-is-layout-ed87f293 wp-block-group-is-layout-flex\">\n<div class=\"wp-block-group has-global-padding is-layout-constrained wp-block-group-is-layout-constrained\">\n<figure class=\"wp-block-kadence-image kb-image1179_046b6b-1b size-large image-is-svg\"><img loading=\"lazy\" decoding=\"async\" width=\"192\" height=\"192\" src=\"https:\/\/ffrydrychowski.pl\/wp-content\/uploads\/2026\/04\/Projekt-bez-nazwy-5.svg\" alt=\"\" class=\"kb-img wp-image-1201\"\/><\/figure>\n<\/div>\n\n\n\n<div class=\"wp-block-group is-content-justification-left is-nowrap is-layout-flex wp-container-core-group-is-layout-b75825d0 wp-block-group-is-layout-flex\" style=\"padding-top:0;padding-right:0;padding-bottom:0;padding-left:0\">\n<h2 class=\"kt-adv-heading1179_842418-be wp-block-kadence-advancedheading\" data-kb-block=\"kb-adv-heading1179_842418-be\">5,0<\/h2>\n\n\n\t\t\t\t<div class = \"wp-block-uagb-lottie\">\n\t\t\t\t\t<div class = \"uagb-block-0d77feef uagb-lottie__outer-wrap uagb-lottie__center\" style=\"\">\n\t\t\t\t\t<\/div>\n\t\t\t\t<\/div>\n\t\t\t<\/div>\n\n\n\n<div class=\"wp-block-group is-vertical is-content-justification-stretch is-layout-flex wp-container-core-group-is-layout-e9735bce wp-block-group-is-layout-flex\" style=\"margin-top:0;margin-bottom:0;padding-top:0;padding-bottom:0\">\n<figure class=\"wp-block-kadence-image kb-image1179_5ab8b5-6f alignfull size-full\"><img loading=\"lazy\" decoding=\"async\" width=\"198\" height=\"247\" src=\"https:\/\/ffrydrychowski.pl\/wp-content\/uploads\/2026\/04\/mSTiyU.png\" alt=\"\" class=\"kb-img wp-image-1203\" srcset=\"https:\/\/ffrydrychowski.pl\/wp-content\/uploads\/2026\/04\/mSTiyU.png 198w, https:\/\/ffrydrychowski.pl\/wp-content\/uploads\/2026\/04\/mSTiyU-10x12.png 10w\" sizes=\"auto, (max-width: 198px) 100vw, 198px\" \/><figcaption>PEGI 3<\/figcaption><\/figure>\n<\/div>\n<\/div>\n<\/div>\n<\/div>","protected":false},"excerpt":{"rendered":"<p>Aplikacje mobilne Buduj\u0119 aplikacje mobilne na styku trzech \u015bwiat\u00f3w: in\u017cynierskiej precyzji backendu, inteligentnych automatyzacji n8n oraz nowoczesnego 'vibe codingu&#8217;. Moje podej\u015bcie pozwala mi nie tylko tworzy\u0107 czysty i zoptymalizowany kod, ale przede wszystkim projektowa\u0107 do\u015bwiadczenia (UX\/UI). Nie tworz\u0119 tylko oprogramowania \u2013 projektuj\u0119 p\u0142ynne procesy, gdzie technologia dyskretnie wykonuje ci\u0119\u017ck\u0105 prac\u0119 w tle, zostawiaj\u0105c na froncie [&hellip;]<\/p>\n","protected":false},"author":1,"featured_media":0,"parent":0,"menu_order":0,"comment_status":"closed","ping_status":"closed","template":"","meta":{"_gspb_post_css":"","inline_featured_image":false,"_uag_custom_page_level_css":"","footnotes":""},"class_list":["post-1179","page","type-page","status-publish","hentry"],"uagb_featured_image_src":{"full":false,"thumbnail":false,"medium":false,"medium_large":false,"large":false,"1536x1536":false,"2048x2048":false,"trp-custom-language-flag":false},"uagb_author_info":{"display_name":"admin","author_link":"https:\/\/ffrydrychowski.pl\/en\/author\/admin\/"},"uagb_comment_info":0,"uagb_excerpt":"Aplikacje mobilne Buduj\u0119 aplikacje mobilne na styku trzech \u015bwiat\u00f3w: in\u017cynierskiej precyzji backendu, inteligentnych automatyzacji n8n oraz nowoczesnego 'vibe codingu&#8217;. Moje podej\u015bcie pozwala mi nie tylko tworzy\u0107 czysty i zoptymalizowany kod, ale przede wszystkim projektowa\u0107 do\u015bwiadczenia (UX\/UI). Nie tworz\u0119 tylko oprogramowania \u2013 projektuj\u0119 p\u0142ynne procesy, gdzie technologia dyskretnie wykonuje ci\u0119\u017ck\u0105 prac\u0119 w tle, zostawiaj\u0105c na froncie&hellip;","_links":{"self":[{"href":"https:\/\/ffrydrychowski.pl\/en\/wp-json\/wp\/v2\/pages\/1179","targetHints":{"allow":["GET"]}}],"collection":[{"href":"https:\/\/ffrydrychowski.pl\/en\/wp-json\/wp\/v2\/pages"}],"about":[{"href":"https:\/\/ffrydrychowski.pl\/en\/wp-json\/wp\/v2\/types\/page"}],"author":[{"embeddable":true,"href":"https:\/\/ffrydrychowski.pl\/en\/wp-json\/wp\/v2\/users\/1"}],"replies":[{"embeddable":true,"href":"https:\/\/ffrydrychowski.pl\/en\/wp-json\/wp\/v2\/comments?post=1179"}],"version-history":[{"count":12,"href":"https:\/\/ffrydrychowski.pl\/en\/wp-json\/wp\/v2\/pages\/1179\/revisions"}],"predecessor-version":[{"id":1206,"href":"https:\/\/ffrydrychowski.pl\/en\/wp-json\/wp\/v2\/pages\/1179\/revisions\/1206"}],"wp:attachment":[{"href":"https:\/\/ffrydrychowski.pl\/en\/wp-json\/wp\/v2\/media?parent=1179"}],"curies":[{"name":"wp","href":"https:\/\/api.w.org\/{rel}","templated":true}]}}